{"id":736,"date":"2017-03-27T19:45:45","date_gmt":"2017-03-27T17:45:45","guid":{"rendered":"http:\/\/reform500.hu\/orokbefogadas\/"},"modified":"2018-02-12T16:41:50","modified_gmt":"2018-02-12T15:41:50","slug":"adoption","status":"publish","type":"page","link":"https:\/\/reform500.hu\/en\/adoption\/","title":{"rendered":"Adoption"},"content":{"rendered":"","protected":false},"excerpt":{"rendered":"","protected":false},"author":1,"featured_media":0,"parent":0,"menu_order":1,"comment_status":"closed","ping_status":"closed","template":"template-adoption.php","meta":{"_acf_changed":false,"footnotes":""},"acf":[],"yoast_head":"<!-- This site is optimized with the Yoast SEO plugin v23.5 - https:\/\/yoast.com\/wordpress\/plugins\/seo\/ -->\n<title>Adoption - REFORM500<\/title>\n<meta name=\"robots\" content=\"index, follow, max-snippet:-1, max-image-preview:large, max-video-preview:-1\" \/>\n<link rel=\"canonical\" href=\"https:\/\/reform500.hu\/en\/adoption\/\" \/>\n<meta property=\"og:locale\" content=\"en_US\" \/>\n<meta property=\"og:type\" content=\"article\" \/>\n<meta property=\"og:title\" content=\"Adoption - REFORM500\" \/>\n<meta property=\"og:url\" content=\"https:\/\/reform500.hu\/en\/adoption\/\" \/>\n<meta property=\"og:site_name\" content=\"REFORM500\" \/>\n<meta property=\"article:modified_time\" content=\"2018-02-12T15:41:50+00:00\" \/>\n<meta property=\"og:image\" content=\"https:\/\/reform500.hu\/wp-content\/themes\/reformacio\/fb.png\" \/>\n<meta name=\"twitter:card\" content=\"summary_large_image\" \/>\n<script type=\"application\/ld+json\" class=\"yoast-schema-graph\">{\"@context\":\"https:\/\/schema.org\",\"@graph\":[{\"@type\":\"WebPage\",\"@id\":\"https:\/\/reform500.hu\/en\/adoption\/\",\"url\":\"https:\/\/reform500.hu\/en\/adoption\/\",\"name\":\"Adoption - REFORM500\",\"isPartOf\":{\"@id\":\"https:\/\/reform500.hu\/#website\"},\"datePublished\":\"2017-03-27T17:45:45+00:00\",\"dateModified\":\"2018-02-12T15:41:50+00:00\",\"breadcrumb\":{\"@id\":\"https:\/\/reform500.hu\/en\/adoption\/#breadcrumb\"},\"inLanguage\":\"en-US\",\"potentialAction\":[{\"@type\":\"ReadAction\",\"target\":[\"https:\/\/reform500.hu\/en\/adoption\/\"]}]},{\"@type\":\"BreadcrumbList\",\"@id\":\"https:\/\/reform500.hu\/en\/adoption\/#breadcrumb\",\"itemListElement\":[{\"@type\":\"ListItem\",\"position\":1,\"name\":\"Kezd\u0151lap\",\"item\":\"https:\/\/reform500.hu\/en\/\"},{\"@type\":\"ListItem\",\"position\":2,\"name\":\"Adoption\"}]},{\"@type\":\"WebSite\",\"@id\":\"https:\/\/reform500.hu\/#website\",\"url\":\"https:\/\/reform500.hu\/\",\"name\":\"REFORM500\",\"description\":\"A REFORM500 k\u00f6zt\u00e9ri install\u00e1ci\u00f3 a Reform\u00e1ci\u00f3 Eml\u00e9kbizotts\u00e1g megb\u00edz\u00e1s\u00e1b\u00f3l, a Nemzeti Kultur\u00e1lis Alap t\u00e1mogat\u00e1s\u00e1val, Szab\u00f3 Levente \u00e9s Polg\u00e1rdi \u00c1kos koncepci\u00f3ja alapj\u00e1n val\u00f3sult meg, a reform\u00e1ci\u00f3 500. \u00e9vfordul\u00f3ja alkalm\u00e1b\u00f3l.\",\"potentialAction\":[{\"@type\":\"SearchAction\",\"target\":{\"@type\":\"EntryPoint\",\"urlTemplate\":\"https:\/\/reform500.hu\/?s={search_term_string}\"},\"query-input\":{\"@type\":\"PropertyValueSpecification\",\"valueRequired\":true,\"valueName\":\"search_term_string\"}}],\"inLanguage\":\"en-US\"}]}<\/script>\n<!-- \/ Yoast SEO plugin. -->","yoast_head_json":{"title":"Adoption - REFORM500","robots":{"index":"index","follow":"follow","max-snippet":"max-snippet:-1","max-image-preview":"max-image-preview:large","max-video-preview":"max-video-preview:-1"},"canonical":"https:\/\/reform500.hu\/en\/adoption\/","og_locale":"en_US","og_type":"article","og_title":"Adoption - REFORM500","og_url":"https:\/\/reform500.hu\/en\/adoption\/","og_site_name":"REFORM500","article_modified_time":"2018-02-12T15:41:50+00:00","og_image":[{"url":"https:\/\/reform500.hu\/wp-content\/themes\/reformacio\/fb.png"}],"twitter_card":"summary_large_image","schema":{"@context":"https:\/\/schema.org","@graph":[{"@type":"WebPage","@id":"https:\/\/reform500.hu\/en\/adoption\/","url":"https:\/\/reform500.hu\/en\/adoption\/","name":"Adoption - REFORM500","isPartOf":{"@id":"https:\/\/reform500.hu\/#website"},"datePublished":"2017-03-27T17:45:45+00:00","dateModified":"2018-02-12T15:41:50+00:00","breadcrumb":{"@id":"https:\/\/reform500.hu\/en\/adoption\/#breadcrumb"},"inLanguage":"en-US","potentialAction":[{"@type":"ReadAction","target":["https:\/\/reform500.hu\/en\/adoption\/"]}]},{"@type":"BreadcrumbList","@id":"https:\/\/reform500.hu\/en\/adoption\/#breadcrumb","itemListElement":[{"@type":"ListItem","position":1,"name":"Kezd\u0151lap","item":"https:\/\/reform500.hu\/en\/"},{"@type":"ListItem","position":2,"name":"Adoption"}]},{"@type":"WebSite","@id":"https:\/\/reform500.hu\/#website","url":"https:\/\/reform500.hu\/","name":"REFORM500","description":"A REFORM500 k\u00f6zt\u00e9ri install\u00e1ci\u00f3 a Reform\u00e1ci\u00f3 Eml\u00e9kbizotts\u00e1g megb\u00edz\u00e1s\u00e1b\u00f3l, a Nemzeti Kultur\u00e1lis Alap t\u00e1mogat\u00e1s\u00e1val, Szab\u00f3 Levente \u00e9s Polg\u00e1rdi \u00c1kos koncepci\u00f3ja alapj\u00e1n val\u00f3sult meg, a reform\u00e1ci\u00f3 500. \u00e9vfordul\u00f3ja alkalm\u00e1b\u00f3l.","potentialAction":[{"@type":"SearchAction","target":{"@type":"EntryPoint","urlTemplate":"https:\/\/reform500.hu\/?s={search_term_string}"},"query-input":{"@type":"PropertyValueSpecification","valueRequired":true,"valueName":"search_term_string"}}],"inLanguage":"en-US"}]}},"_links":{"self":[{"href":"https:\/\/reform500.hu\/en\/wp-json\/wp\/v2\/pages\/736"}],"collection":[{"href":"https:\/\/reform500.hu\/en\/wp-json\/wp\/v2\/pages"}],"about":[{"href":"https:\/\/reform500.hu\/en\/wp-json\/wp\/v2\/types\/page"}],"author":[{"embeddable":true,"href":"https:\/\/reform500.hu\/en\/wp-json\/wp\/v2\/users\/1"}],"replies":[{"embeddable":true,"href":"https:\/\/reform500.hu\/en\/wp-json\/wp\/v2\/comments?post=736"}],"version-history":[{"count":16,"href":"https:\/\/reform500.hu\/en\/wp-json\/wp\/v2\/pages\/736\/revisions"}],"predecessor-version":[{"id":1831,"href":"https:\/\/reform500.hu\/en\/wp-json\/wp\/v2\/pages\/736\/revisions\/1831"}],"wp:attachment":[{"href":"https:\/\/reform500.hu\/en\/wp-json\/wp\/v2\/media?parent=736"}],"curies":[{"name":"wp","href":"https:\/\/api.w.org\/{rel}","templated":true}]}}